{"id":141,"date":"2026-03-08T17:03:04","date_gmt":"2026-03-08T17:03:04","guid":{"rendered":"https:\/\/lumelune.com\/?page_id=141"},"modified":"2026-03-22T18:50:35","modified_gmt":"2026-03-22T18:50:35","slug":"mentions-legales","status":"publish","type":"page","link":"http:\/\/lumelune.com\/en\/mentions-legales\/","title":{"rendered":"Mentions l\u00e9gales"},"content":{"rendered":"<div data-elementor-type=\"wp-page\" data-elementor-id=\"141\" class=\"elementor elementor-141\">\n\t\t\t\t\t\t<section class=\"elementor-section elementor-top-section elementor-element elementor-element-35cd09d7 elementor-section-full_width elementor-section-height-default elementor-section-height-default\" data-id=\"35cd09d7\" data-element_type=\"section\" data-e-type=\"section\" data-settings=\"{&quot;background_background&quot;:&quot;classic&quot;}\">\n\t\t\t\t\t\t<div class=\"elementor-container elementor-column-gap-default\">\n\t\t\t\t\t<div class=\"elementor-column elementor-col-100 elementor-top-column elementor-element elementor-element-6c00661d\" data-id=\"6c00661d\" data-element_type=\"column\" data-e-type=\"column\">\n\t\t\t<div class=\"elementor-widget-wrap elementor-element-populated\">\n\t\t\t\t\t\t<div class=\"elementor-element elementor-element-42c35a1 elementor-widget elementor-widget-heading\" data-id=\"42c35a1\" data-element_type=\"widget\" data-e-type=\"widget\" data-widget_type=\"heading.default\">\n\t\t\t\t\t<h1 class=\"elementor-heading-title elementor-size-default\">Mentions l\u00e9gales<\/h1>\t\t\t\t<\/div>\n\t\t\t\t\t<\/div>\n\t\t<\/div>\n\t\t\t\t\t<\/div>\n\t\t<\/section>\n\t\t\t\t<section class=\"elementor-section elementor-top-section elementor-element elementor-element-762734c1 elementor-section-boxed elementor-section-height-default elementor-section-height-default\" data-id=\"762734c1\" data-element_type=\"section\" data-e-type=\"section\" data-settings=\"{&quot;background_background&quot;:&quot;classic&quot;}\">\n\t\t\t\t\t\t<div class=\"elementor-container elementor-column-gap-default\">\n\t\t\t\t\t<div class=\"elementor-column elementor-col-100 elementor-top-column elementor-element elementor-element-7a101c70\" data-id=\"7a101c70\" data-element_type=\"column\" data-e-type=\"column\">\n\t\t\t<div class=\"elementor-widget-wrap elementor-element-populated\">\n\t\t\t\t\t\t<div class=\"elementor-element elementor-element-3c7b27da elementor-widget elementor-widget-text-editor\" data-id=\"3c7b27da\" data-element_type=\"widget\" data-e-type=\"widget\" data-widget_type=\"text-editor.default\">\n\t\t\t\t\t\t\t\t\t<h3 style=\"color: #5c4033; font-family: 'Cormorant Garamond',serif;\">1. \u00c9diteur du site<\/h3><p style=\"color: #7a6e63; line-height: 1.8;\">Le site <strong>lumelune.com<\/strong> est \u00e9dit\u00e9 par :<br \/><strong>Mathilde L\u00e9t\u00e9<\/strong><br \/>Micro-entrepreneur<br \/>SIRET : 10152871900012<br \/>Adresse : Abancourt<br \/>Email : contact@lumelune.fr<br \/>Directeur de la publication : Mathilde L\u00e9t\u00e9<\/p><h3 style=\"color: #5c4033; font-family: 'Cormorant Garamond',serif;\">2. H\u00e9bergeur<\/h3><p style=\"color: #7a6e63; line-height: 1.8;\">OVH SAS<br \/>2, rue Kellermann<br \/>59100 Roubaix \u2014 France<br \/>T\u00e9l. : 1007<br \/>Site web : www.ovhcloud.com<\/p><h3 style=\"color: #5c4033; font-family: 'Cormorant Garamond',serif;\">3. Propri\u00e9t\u00e9 intellectuelle<\/h3><p style=\"color: #7a6e63; line-height: 1.8;\">L&rsquo;ensemble du contenu du site lumelune.com (textes, images, photographies, logos, vid\u00e9os, \u00e9l\u00e9ments graphiques) est prot\u00e9g\u00e9 par le droit d&rsquo;auteur et le droit de la propri\u00e9t\u00e9 intellectuelle. Toute reproduction, distribution, modification ou utilisation de ces \u00e9l\u00e9ments, en tout ou en partie, sans l&rsquo;autorisation \u00e9crite pr\u00e9alable de Lum\u00e9lune est strictement interdite.<\/p><h3 style=\"color: #5c4033; font-family: 'Cormorant Garamond',serif;\">4. Donn\u00e9es personnelles<\/h3><p style=\"color: #7a6e63; line-height: 1.8;\">Les donn\u00e9es personnelles collect\u00e9es sur ce site sont trait\u00e9es conform\u00e9ment au R\u00e8glement G\u00e9n\u00e9ral sur la Protection des Donn\u00e9es (RGPD). Pour en savoir plus, consultez notre <a style=\"color: #c17d56;\" href=\"\/en\/politique-de-confidentialite\/\">Politique de confidentialit\u00e9<\/a>.<\/p><h3 style=\"color: #5c4033; font-family: 'Cormorant Garamond',serif;\">5. Cookies<\/h3><p style=\"color: #7a6e63; line-height: 1.8;\">Le site lumelune.com utilise des cookies pour am\u00e9liorer l&rsquo;exp\u00e9rience utilisateur et analyser le trafic. En poursuivant votre navigation, vous acceptez l&rsquo;utilisation de cookies conform\u00e9ment \u00e0 notre politique de cookies.<\/p><h3 style=\"color: #5c4033; font-family: 'Cormorant Garamond',serif;\">6. Limitation de responsabilit\u00e9<\/h3><p style=\"color: #7a6e63; line-height: 1.8;\">Lum\u00e9lune s&rsquo;efforce de fournir des informations aussi pr\u00e9cises que possible sur le site. Toutefois, elle ne pourra \u00eatre tenue responsable des omissions, des inexactitudes et des carences dans la mise \u00e0 jour. Lum\u00e9lune se r\u00e9serve le droit de modifier le contenu du site \u00e0 tout moment et sans pr\u00e9avis.<\/p><h3 style=\"color: #5c4033; font-family: 'Cormorant Garamond',serif;\">7. Droit applicable<\/h3><p style=\"color: #7a6e63; line-height: 1.8;\">Les pr\u00e9sentes mentions l\u00e9gales sont soumises au droit fran\u00e7ais. En cas de litige, les tribunaux fran\u00e7ais seront seuls comp\u00e9tents.<\/p>\t\t\t\t\t\t\t\t<\/div>\n\t\t\t\t\t<\/div>\n\t\t<\/div>\n\t\t\t\t\t<\/div>\n\t\t<\/section>\n\t\t\t\t<\/div>","protected":false},"excerpt":{"rendered":"<p>Mentions l\u00e9gales 1. \u00c9diteur du site Le site lumelune.com est \u00e9dit\u00e9 par :Mathilde L\u00e9t\u00e9Micro-entrepreneurSIRET : 10152871900012Adresse : AbancourtEmail : contact@lumelune.frDirecteur [&hellip;]<\/p>\n","protected":false},"author":1,"featured_media":0,"parent":0,"menu_order":0,"comment_status":"closed","ping_status":"closed","template":"elementor_header_footer","meta":{"site-sidebar-layout":"no-sidebar","site-content-layout":"","ast-site-content-layout":"full-width-container","site-content-style":"default","site-sidebar-style":"default","ast-global-header-display":"","ast-banner-title-visibility":"","ast-main-header-display":"","ast-hfb-above-header-display":"","ast-hfb-below-header-display":"","ast-hfb-mobile-header-display":"","site-post-title":"","ast-breadcrumbs-content":"","ast-featured-img":"disabled","footer-sml-layout":"","ast-disable-related-posts":"","theme-transparent-header-meta":"","adv-header-id-meta":"","stick-header-meta":"","header-above-stick-meta":"","header-main-stick-meta":"","header-below-stick-meta":"","astra-migrate-meta-layouts":"default","ast-page-background-enabled":"default","ast-page-background-meta":{"desktop":{"background-color":"var(--ast-global-color-5)","background-image":"","background-repeat":"repeat","background-position":"center center","background-size":"auto","background-attachment":"scroll","background-type":"","background-media":"","overlay-type":"","overlay-color":"","overlay-opacity":"","overlay-gradient":""},"tablet":{"background-color":"","background-image":"","background-repeat":"repeat","background-position":"center center","background-size":"auto","background-attachment":"scroll","background-type":"","background-media":"","overlay-type":"","overlay-color":"","overlay-opacity":"","overlay-gradient":""},"mobile":{"background-color":"","background-image":"","background-repeat":"repeat","background-position":"center center","background-size":"auto","background-attachment":"scroll","background-type":"","background-media":"","overlay-type":"","overlay-color":"","overlay-opacity":"","overlay-gradient":""}},"ast-content-background-meta":{"desktop":{"background-color":"var(--ast-global-color-4)","background-image":"","background-repeat":"repeat","background-position":"center center","background-size":"auto","background-attachment":"scroll","background-type":"","background-media":"","overlay-type":"","overlay-color":"","overlay-opacity":"","overlay-gradient":""},"tablet":{"background-color":"var(--ast-global-color-4)","background-image":"","background-repeat":"repeat","background-position":"center center","background-size":"auto","background-attachment":"scroll","background-type":"","background-media":"","overlay-type":"","overlay-color":"","overlay-opacity":"","overlay-gradient":""},"mobile":{"background-color":"var(--ast-global-color-4)","background-image":"","background-repeat":"repeat","background-position":"center center","background-size":"auto","background-attachment":"scroll","background-type":"","background-media":"","overlay-type":"","overlay-color":"","overlay-opacity":"","overlay-gradient":""}},"footnotes":""},"class_list":["post-141","page","type-page","status-publish","hentry"],"yoast_head":"<!-- This site is optimized with the Yoast SEO plugin v27.1.1 - https:\/\/yoast.com\/product\/yoast-seo-wordpress\/ -->\n<title>Mentions l\u00e9gales -<\/title>\n<meta name=\"robots\" content=\"index, follow, max-snippet:-1, max-image-preview:large, max-video-preview:-1\" \/>\n<link rel=\"canonical\" href=\"https:\/\/lumelune.com\/en\/mentions-legales\/\" \/>\n<meta property=\"og:locale\" content=\"en_GB\" \/>\n<meta property=\"og:type\" content=\"article\" \/>\n<meta property=\"og:title\" content=\"Mentions l\u00e9gales -\" \/>\n<meta property=\"og:description\" content=\"Mentions l\u00e9gales 1. \u00c9diteur du site Le site lumelune.com est \u00e9dit\u00e9 par :Mathilde L\u00e9t\u00e9Micro-entrepreneurSIRET : 10152871900012Adresse : AbancourtEmail : contact@lumelune.frDirecteur [&hellip;]\" \/>\n<meta property=\"og:url\" content=\"https:\/\/lumelune.com\/en\/mentions-legales\/\" \/>\n<meta property=\"article:modified_time\" content=\"2026-03-22T18:50:35+00:00\" \/>\n<meta name=\"twitter:card\" content=\"summary_large_image\" \/>\n<meta name=\"twitter:label1\" content=\"Estimated reading time\" \/>\n\t<meta name=\"twitter:data1\" content=\"2 minutes\" \/>\n<script type=\"application\/ld+json\" class=\"yoast-schema-graph\">{\"@context\":\"https:\/\/schema.org\",\"@graph\":[{\"@type\":\"WebPage\",\"@id\":\"https:\/\/lumelune.com\/mentions-legales\/\",\"url\":\"https:\/\/lumelune.com\/mentions-legales\/\",\"name\":\"Mentions l\u00e9gales -\",\"isPartOf\":{\"@id\":\"https:\/\/lumelune.com\/#website\"},\"datePublished\":\"2026-03-08T17:03:04+00:00\",\"dateModified\":\"2026-03-22T18:50:35+00:00\",\"breadcrumb\":{\"@id\":\"https:\/\/lumelune.com\/mentions-legales\/#breadcrumb\"},\"inLanguage\":\"en-GB\",\"potentialAction\":[{\"@type\":\"ReadAction\",\"target\":[\"https:\/\/lumelune.com\/mentions-legales\/\"]}]},{\"@type\":\"BreadcrumbList\",\"@id\":\"https:\/\/lumelune.com\/mentions-legales\/#breadcrumb\",\"itemListElement\":[{\"@type\":\"ListItem\",\"position\":1,\"name\":\"Accueil\",\"item\":\"https:\/\/lumelune.com\/\"},{\"@type\":\"ListItem\",\"position\":2,\"name\":\"Mentions l\u00e9gales\"}]},{\"@type\":\"WebSite\",\"@id\":\"https:\/\/lumelune.com\/#website\",\"url\":\"https:\/\/lumelune.com\/\",\"name\":\"\",\"description\":\"Bougies naturelles aux huiles essentielles\",\"potentialAction\":[{\"@type\":\"SearchAction\",\"target\":{\"@type\":\"EntryPoint\",\"urlTemplate\":\"https:\/\/lumelune.com\/?s={search_term_string}\"},\"query-input\":{\"@type\":\"PropertyValueSpecification\",\"valueRequired\":true,\"valueName\":\"search_term_string\"}}],\"inLanguage\":\"en-GB\"}]}<\/script>\n<!-- \/ Yoast SEO plugin. -->","yoast_head_json":{"title":"Mentions l\u00e9gales -","robots":{"index":"index","follow":"follow","max-snippet":"max-snippet:-1","max-image-preview":"max-image-preview:large","max-video-preview":"max-video-preview:-1"},"canonical":"https:\/\/lumelune.com\/en\/mentions-legales\/","og_locale":"en_GB","og_type":"article","og_title":"Mentions l\u00e9gales -","og_description":"Mentions l\u00e9gales 1. \u00c9diteur du site Le site lumelune.com est \u00e9dit\u00e9 par :Mathilde L\u00e9t\u00e9Micro-entrepreneurSIRET : 10152871900012Adresse : AbancourtEmail : contact@lumelune.frDirecteur [&hellip;]","og_url":"https:\/\/lumelune.com\/en\/mentions-legales\/","article_modified_time":"2026-03-22T18:50:35+00:00","twitter_card":"summary_large_image","twitter_misc":{"Estimated reading time":"2 minutes"},"schema":{"@context":"https:\/\/schema.org","@graph":[{"@type":"WebPage","@id":"https:\/\/lumelune.com\/mentions-legales\/","url":"https:\/\/lumelune.com\/mentions-legales\/","name":"Mentions l\u00e9gales -","isPartOf":{"@id":"https:\/\/lumelune.com\/#website"},"datePublished":"2026-03-08T17:03:04+00:00","dateModified":"2026-03-22T18:50:35+00:00","breadcrumb":{"@id":"https:\/\/lumelune.com\/mentions-legales\/#breadcrumb"},"inLanguage":"en-GB","potentialAction":[{"@type":"ReadAction","target":["https:\/\/lumelune.com\/mentions-legales\/"]}]},{"@type":"BreadcrumbList","@id":"https:\/\/lumelune.com\/mentions-legales\/#breadcrumb","itemListElement":[{"@type":"ListItem","position":1,"name":"Accueil","item":"https:\/\/lumelune.com\/"},{"@type":"ListItem","position":2,"name":"Mentions l\u00e9gales"}]},{"@type":"WebSite","@id":"https:\/\/lumelune.com\/#website","url":"https:\/\/lumelune.com\/","name":"","description":"Bougies naturelles aux huiles essentielles","potentialAction":[{"@type":"SearchAction","target":{"@type":"EntryPoint","urlTemplate":"https:\/\/lumelune.com\/?s={search_term_string}"},"query-input":{"@type":"PropertyValueSpecification","valueRequired":true,"valueName":"search_term_string"}}],"inLanguage":"en-GB"}]}},"_links":{"self":[{"href":"http:\/\/lumelune.com\/en\/wp-json\/wp\/v2\/pages\/141","targetHints":{"allow":["GET"]}}],"collection":[{"href":"http:\/\/lumelune.com\/en\/wp-json\/wp\/v2\/pages"}],"about":[{"href":"http:\/\/lumelune.com\/en\/wp-json\/wp\/v2\/types\/page"}],"author":[{"embeddable":true,"href":"http:\/\/lumelune.com\/en\/wp-json\/wp\/v2\/users\/1"}],"replies":[{"embeddable":true,"href":"http:\/\/lumelune.com\/en\/wp-json\/wp\/v2\/comments?post=141"}],"version-history":[{"count":16,"href":"http:\/\/lumelune.com\/en\/wp-json\/wp\/v2\/pages\/141\/revisions"}],"predecessor-version":[{"id":391,"href":"http:\/\/lumelune.com\/en\/wp-json\/wp\/v2\/pages\/141\/revisions\/391"}],"wp:attachment":[{"href":"http:\/\/lumelune.com\/en\/wp-json\/wp\/v2\/media?parent=141"}],"curies":[{"name":"wp","href":"https:\/\/api.w.org\/{rel}","templated":true}]}}