{"id":399,"date":"2026-03-23T10:45:51","date_gmt":"2026-03-23T10:45:51","guid":{"rendered":"https:\/\/lumelune.com\/?post_type=product&#038;p=399"},"modified":"2026-03-29T15:32:55","modified_gmt":"2026-03-29T15:32:55","slug":"coffret-brule-fondant-6-lumignons-artisanaux-en-cire-soja-coco","status":"publish","type":"product","link":"http:\/\/lumelune.com\/en\/product\/coffret-brule-fondant-6-lumignons-artisanaux-en-cire-soja-coco\/","title":{"rendered":"Coffret br\u00fble-fondant &#038; 4 lumignons artisanaux en cire soja-coco"},"content":{"rendered":"<p data-start=\"870\" data-end=\"1099\">\u00c9l\u00e9gant et intemporel, ce coffret r\u00e9unit un br\u00fble-fondant et 6 lumignons artisanaux en cire de soja coco, pour vous offrir un rituel parfum\u00e9 empreint de douceur et de puret\u00e9.<\/p>\n<p data-start=\"1101\" data-end=\"1394\">Pens\u00e9 dans un univers naturel et raffin\u00e9, il invite \u00e0 ralentir, \u00e0 savourer l\u2019instant et \u00e0 envelopper votre int\u00e9rieur d\u2019une atmosph\u00e8re chaleureuse et apaisante. Chaque lumignon accompagne d\u00e9licatement l\u2019utilisation de votre br\u00fble-fondant, pour une exp\u00e9rience aussi esth\u00e9tique que sensorielle.<\/p>\n<p data-start=\"1396\" data-end=\"1478\"><strong data-start=\"1396\" data-end=\"1478\">Un essentiel d\u00e9licat pour cr\u00e9er chez soi une ambiance pure, douce et \u00e9l\u00e9gante.<\/strong><\/p>\n<p data-start=\"709\" data-end=\"729\"><strong data-start=\"709\" data-end=\"727\">Contenu du lot<\/strong><\/p>\n<ul data-start=\"730\" data-end=\"801\">\n<li data-section-id=\"1qcxxvy\" data-start=\"730\" data-end=\"749\">1 br\u00fble-fondant<\/li>\n<li data-section-id=\"jlmoul\" data-start=\"750\" data-end=\"801\">4 chauffe-plats artisanaux en cire de soja coco<\/li>\n<\/ul>\n<p data-start=\"803\" data-end=\"1085\"><strong data-start=\"803\" data-end=\"829\">Conseils d\u2019utilisation<\/strong><br data-start=\"829\" data-end=\"832\" \/>D\u00e9posez un fondant parfum\u00e9 dans la coupelle du br\u00fble-fondant, puis placez un chauffe-plat \u00e0 l\u2019int\u00e9rieur avant de l\u2019allumer. La chaleur permettra au fondant de lib\u00e9rer d\u00e9licatement son parfum et de cr\u00e9er une atmosph\u00e8re chaleureuse dans votre int\u00e9rieur.<\/p>\n<p data-start=\"1087\" data-end=\"1474\"><strong data-start=\"1087\" data-end=\"1116\">Pr\u00e9cautions d\u2019utilisation<\/strong><br data-start=\"1116\" data-end=\"1119\" \/>Utiliser sur une surface plane et r\u00e9sistante \u00e0 la chaleur.<br data-start=\"1177\" data-end=\"1180\" \/>Ne jamais laisser sans surveillance pendant l\u2019utilisation.<br data-start=\"1238\" data-end=\"1241\" \/>Tenir hors de port\u00e9e des enfants et des animaux.<br data-start=\"1289\" data-end=\"1292\" \/>Ne pas d\u00e9placer le br\u00fble-fondant lorsqu\u2019il est chaud.<br data-start=\"1345\" data-end=\"1348\" \/>Ne pas utiliser \u00e0 proximit\u00e9 d\u2019objets ou de mati\u00e8res inflammables.<br data-start=\"1413\" data-end=\"1416\" \/>Laisser refroidir compl\u00e8tement avant toute manipulation.<\/p>\n<p data-start=\"1476\" data-end=\"1653\"><strong data-start=\"1476\" data-end=\"1497\">L\u2019esprit Lum\u00e9lune<\/strong><br data-start=\"1497\" data-end=\"1500\" \/>Un ensemble d\u00e9licat pens\u00e9 pour transformer les gestes simples du quotidien en v\u00e9ritables instants de bien-\u00eatre, dans un univers naturel, doux et \u00e9l\u00e9gant.<\/p>","protected":false},"excerpt":{"rendered":"<p>Un ensemble \u00e9l\u00e9gant compos\u00e9 d\u2019un br\u00fble-fondant et de 4 chauffe-plats artisanaux en cire de soja coco, id\u00e9al pour cr\u00e9er une atmosph\u00e8re chaleureuse, pure et d\u00e9licatement parfum\u00e9e.<\/p>","protected":false},"featured_media":400,"comment_status":"open","ping_status":"closed","template":"","meta":{"site-sidebar-layout":"default","site-content-layout":"","ast-site-content-layout":"default","site-content-style":"default","site-sidebar-style":"default","ast-global-header-display":"","ast-banner-title-visibility":"","ast-main-header-display":"","ast-hfb-above-header-display":"","ast-hfb-below-header-display":"","ast-hfb-mobile-header-display":"","site-post-title":"","ast-breadcrumbs-content":"","ast-featured-img":"","footer-sml-layout":"","ast-disable-related-posts":"","theme-transparent-header-meta":"default","adv-header-id-meta":"","stick-header-meta":"","header-above-stick-meta":"","header-main-stick-meta":"","header-below-stick-meta":"","astra-migrate-meta-layouts":"set","ast-page-background-enabled":"default","ast-page-background-meta":{"desktop":{"background-color":"var(--ast-global-color-5)","background-image":"","background-repeat":"repeat","background-position":"center center","background-size":"auto","background-attachment":"scroll","background-type":"","background-media":"","overlay-type":"","overlay-color":"","overlay-opacity":"","overlay-gradient":""},"tablet":{"background-color":"","background-image":"","background-repeat":"repeat","background-position":"center center","background-size":"auto","background-attachment":"scroll","background-type":"","background-media":"","overlay-type":"","overlay-color":"","overlay-opacity":"","overlay-gradient":""},"mobile":{"background-color":"","background-image":"","background-repeat":"repeat","background-position":"center center","background-size":"auto","background-attachment":"scroll","background-type":"","background-media":"","overlay-type":"","overlay-color":"","overlay-opacity":"","overlay-gradient":""}},"ast-content-background-meta":{"desktop":{"background-color":"var(--ast-global-color-4)","background-image":"","background-repeat":"repeat","background-position":"center center","background-size":"auto","background-attachment":"scroll","background-type":"","background-media":"","overlay-type":"","overlay-color":"","overlay-opacity":"","overlay-gradient":""},"tablet":{"background-color":"var(--ast-global-color-4)","background-image":"","background-repeat":"repeat","background-position":"center center","background-size":"auto","background-attachment":"scroll","background-type":"","background-media":"","overlay-type":"","overlay-color":"","overlay-opacity":"","overlay-gradient":""},"mobile":{"background-color":"var(--ast-global-color-4)","background-image":"","background-repeat":"repeat","background-position":"center center","background-size":"auto","background-attachment":"scroll","background-type":"","background-media":"","overlay-type":"","overlay-color":"","overlay-opacity":"","overlay-gradient":""}}},"product_brand":[],"product_cat":[44],"product_tag":[],"class_list":{"0":"post-399","1":"product","2":"type-product","3":"status-publish","4":"has-post-thumbnail","6":"product_cat-brule-fondant","7":"desktop-align-left","8":"tablet-align-left","9":"mobile-align-left","11":"first","12":"instock","13":"shipping-taxable","14":"purchasable","15":"product-type-simple"},"yoast_head":"<!-- This site is optimized with the Yoast SEO plugin v27.1.1 - https:\/\/yoast.com\/product\/yoast-seo-wordpress\/ -->\n<title>Coffret br\u00fble-fondant &amp; 4 lumignons artisanaux en cire soja-coco -<\/title>\n<meta name=\"robots\" content=\"index, follow, max-snippet:-1, max-image-preview:large, max-video-preview:-1\" \/>\n<link rel=\"canonical\" href=\"https:\/\/lumelune.com\/en\/product\/coffret-brule-fondant-6-lumignons-artisanaux-en-cire-soja-coco\/\" \/>\n<meta property=\"og:locale\" content=\"en_GB\" \/>\n<meta property=\"og:type\" content=\"article\" \/>\n<meta property=\"og:title\" content=\"Coffret br\u00fble-fondant &amp; 4 lumignons artisanaux en cire soja-coco -\" \/>\n<meta property=\"og:description\" content=\"Un ensemble \u00e9l\u00e9gant compos\u00e9 d\u2019un br\u00fble-fondant et de 4 chauffe-plats artisanaux en cire de soja coco, id\u00e9al pour cr\u00e9er une atmosph\u00e8re chaleureuse, pure et d\u00e9licatement parfum\u00e9e.\" \/>\n<meta property=\"og:url\" content=\"https:\/\/lumelune.com\/en\/product\/coffret-brule-fondant-6-lumignons-artisanaux-en-cire-soja-coco\/\" \/>\n<meta property=\"article:modified_time\" content=\"2026-03-29T15:32:55+00:00\" \/>\n<meta property=\"og:image\" content=\"https:\/\/lumelune.com\/wp-content\/uploads\/2026\/03\/ChatGPT-Image-23-mars-2026-11_30_16.png\" \/>\n\t<meta property=\"og:image:width\" content=\"1024\" \/>\n\t<meta property=\"og:image:height\" content=\"1536\" \/>\n\t<meta property=\"og:image:type\" content=\"image\/png\" \/>\n<meta name=\"twitter:card\" content=\"summary_large_image\" \/>\n<meta name=\"twitter:label1\" content=\"Estimated reading time\" \/>\n\t<meta name=\"twitter:data1\" content=\"2 minutes\" \/>\n<script type=\"application\/ld+json\" class=\"yoast-schema-graph\">{\"@context\":\"https:\/\/schema.org\",\"@graph\":[{\"@type\":\"WebPage\",\"@id\":\"https:\/\/lumelune.com\/produit\/coffret-brule-fondant-6-lumignons-artisanaux-en-cire-soja-coco\/\",\"url\":\"https:\/\/lumelune.com\/produit\/coffret-brule-fondant-6-lumignons-artisanaux-en-cire-soja-coco\/\",\"name\":\"Coffret br\u00fble-fondant & 4 lumignons artisanaux en cire soja-coco -\",\"isPartOf\":{\"@id\":\"https:\/\/lumelune.com\/#website\"},\"primaryImageOfPage\":{\"@id\":\"https:\/\/lumelune.com\/produit\/coffret-brule-fondant-6-lumignons-artisanaux-en-cire-soja-coco\/#primaryimage\"},\"image\":{\"@id\":\"https:\/\/lumelune.com\/produit\/coffret-brule-fondant-6-lumignons-artisanaux-en-cire-soja-coco\/#primaryimage\"},\"thumbnailUrl\":\"https:\/\/lumelune.com\/wp-content\/uploads\/2026\/03\/ChatGPT-Image-23-mars-2026-11_30_16.png\",\"datePublished\":\"2026-03-23T10:45:51+00:00\",\"dateModified\":\"2026-03-29T15:32:55+00:00\",\"breadcrumb\":{\"@id\":\"https:\/\/lumelune.com\/produit\/coffret-brule-fondant-6-lumignons-artisanaux-en-cire-soja-coco\/#breadcrumb\"},\"inLanguage\":\"en-GB\",\"potentialAction\":[{\"@type\":\"ReadAction\",\"target\":[\"https:\/\/lumelune.com\/produit\/coffret-brule-fondant-6-lumignons-artisanaux-en-cire-soja-coco\/\"]}]},{\"@type\":\"ImageObject\",\"inLanguage\":\"en-GB\",\"@id\":\"https:\/\/lumelune.com\/produit\/coffret-brule-fondant-6-lumignons-artisanaux-en-cire-soja-coco\/#primaryimage\",\"url\":\"https:\/\/lumelune.com\/wp-content\/uploads\/2026\/03\/ChatGPT-Image-23-mars-2026-11_30_16.png\",\"contentUrl\":\"https:\/\/lumelune.com\/wp-content\/uploads\/2026\/03\/ChatGPT-Image-23-mars-2026-11_30_16.png\",\"width\":1024,\"height\":1536},{\"@type\":\"BreadcrumbList\",\"@id\":\"https:\/\/lumelune.com\/produit\/coffret-brule-fondant-6-lumignons-artisanaux-en-cire-soja-coco\/#breadcrumb\",\"itemListElement\":[{\"@type\":\"ListItem\",\"position\":1,\"name\":\"Accueil\",\"item\":\"https:\/\/lumelune.com\/\"},{\"@type\":\"ListItem\",\"position\":2,\"name\":\"Produits\",\"item\":\"https:\/\/lumelune.com\/boutique\/\"},{\"@type\":\"ListItem\",\"position\":3,\"name\":\"Coffret br\u00fble-fondant &#038; 4 lumignons artisanaux en cire soja-coco\"}]},{\"@type\":\"WebSite\",\"@id\":\"https:\/\/lumelune.com\/#website\",\"url\":\"https:\/\/lumelune.com\/\",\"name\":\"\",\"description\":\"Bougies naturelles aux huiles essentielles\",\"potentialAction\":[{\"@type\":\"SearchAction\",\"target\":{\"@type\":\"EntryPoint\",\"urlTemplate\":\"https:\/\/lumelune.com\/?s={search_term_string}\"},\"query-input\":{\"@type\":\"PropertyValueSpecification\",\"valueRequired\":true,\"valueName\":\"search_term_string\"}}],\"inLanguage\":\"en-GB\"}]}<\/script>\n<!-- \/ Yoast SEO plugin. -->","yoast_head_json":{"title":"Coffret br\u00fble-fondant & 4 lumignons artisanaux en cire soja-coco -","robots":{"index":"index","follow":"follow","max-snippet":"max-snippet:-1","max-image-preview":"max-image-preview:large","max-video-preview":"max-video-preview:-1"},"canonical":"https:\/\/lumelune.com\/en\/product\/coffret-brule-fondant-6-lumignons-artisanaux-en-cire-soja-coco\/","og_locale":"en_GB","og_type":"article","og_title":"Coffret br\u00fble-fondant & 4 lumignons artisanaux en cire soja-coco -","og_description":"Un ensemble \u00e9l\u00e9gant compos\u00e9 d\u2019un br\u00fble-fondant et de 4 chauffe-plats artisanaux en cire de soja coco, id\u00e9al pour cr\u00e9er une atmosph\u00e8re chaleureuse, pure et d\u00e9licatement parfum\u00e9e.","og_url":"https:\/\/lumelune.com\/en\/product\/coffret-brule-fondant-6-lumignons-artisanaux-en-cire-soja-coco\/","article_modified_time":"2026-03-29T15:32:55+00:00","og_image":[{"width":1024,"height":1536,"url":"https:\/\/lumelune.com\/wp-content\/uploads\/2026\/03\/ChatGPT-Image-23-mars-2026-11_30_16.png","type":"image\/png"}],"twitter_card":"summary_large_image","twitter_misc":{"Estimated reading time":"2 minutes"},"schema":{"@context":"https:\/\/schema.org","@graph":[{"@type":"WebPage","@id":"https:\/\/lumelune.com\/produit\/coffret-brule-fondant-6-lumignons-artisanaux-en-cire-soja-coco\/","url":"https:\/\/lumelune.com\/produit\/coffret-brule-fondant-6-lumignons-artisanaux-en-cire-soja-coco\/","name":"Coffret br\u00fble-fondant & 4 lumignons artisanaux en cire soja-coco -","isPartOf":{"@id":"https:\/\/lumelune.com\/#website"},"primaryImageOfPage":{"@id":"https:\/\/lumelune.com\/produit\/coffret-brule-fondant-6-lumignons-artisanaux-en-cire-soja-coco\/#primaryimage"},"image":{"@id":"https:\/\/lumelune.com\/produit\/coffret-brule-fondant-6-lumignons-artisanaux-en-cire-soja-coco\/#primaryimage"},"thumbnailUrl":"https:\/\/lumelune.com\/wp-content\/uploads\/2026\/03\/ChatGPT-Image-23-mars-2026-11_30_16.png","datePublished":"2026-03-23T10:45:51+00:00","dateModified":"2026-03-29T15:32:55+00:00","breadcrumb":{"@id":"https:\/\/lumelune.com\/produit\/coffret-brule-fondant-6-lumignons-artisanaux-en-cire-soja-coco\/#breadcrumb"},"inLanguage":"en-GB","potentialAction":[{"@type":"ReadAction","target":["https:\/\/lumelune.com\/produit\/coffret-brule-fondant-6-lumignons-artisanaux-en-cire-soja-coco\/"]}]},{"@type":"ImageObject","inLanguage":"en-GB","@id":"https:\/\/lumelune.com\/produit\/coffret-brule-fondant-6-lumignons-artisanaux-en-cire-soja-coco\/#primaryimage","url":"https:\/\/lumelune.com\/wp-content\/uploads\/2026\/03\/ChatGPT-Image-23-mars-2026-11_30_16.png","contentUrl":"https:\/\/lumelune.com\/wp-content\/uploads\/2026\/03\/ChatGPT-Image-23-mars-2026-11_30_16.png","width":1024,"height":1536},{"@type":"BreadcrumbList","@id":"https:\/\/lumelune.com\/produit\/coffret-brule-fondant-6-lumignons-artisanaux-en-cire-soja-coco\/#breadcrumb","itemListElement":[{"@type":"ListItem","position":1,"name":"Accueil","item":"https:\/\/lumelune.com\/"},{"@type":"ListItem","position":2,"name":"Produits","item":"https:\/\/lumelune.com\/boutique\/"},{"@type":"ListItem","position":3,"name":"Coffret br\u00fble-fondant &#038; 4 lumignons artisanaux en cire soja-coco"}]},{"@type":"WebSite","@id":"https:\/\/lumelune.com\/#website","url":"https:\/\/lumelune.com\/","name":"","description":"Bougies naturelles aux huiles essentielles","potentialAction":[{"@type":"SearchAction","target":{"@type":"EntryPoint","urlTemplate":"https:\/\/lumelune.com\/?s={search_term_string}"},"query-input":{"@type":"PropertyValueSpecification","valueRequired":true,"valueName":"search_term_string"}}],"inLanguage":"en-GB"}]}},"_links":{"self":[{"href":"http:\/\/lumelune.com\/en\/wp-json\/wp\/v2\/product\/399","targetHints":{"allow":["GET"]}}],"collection":[{"href":"http:\/\/lumelune.com\/en\/wp-json\/wp\/v2\/product"}],"about":[{"href":"http:\/\/lumelune.com\/en\/wp-json\/wp\/v2\/types\/product"}],"replies":[{"embeddable":true,"href":"http:\/\/lumelune.com\/en\/wp-json\/wp\/v2\/comments?post=399"}],"wp:featuredmedia":[{"embeddable":true,"href":"http:\/\/lumelune.com\/en\/wp-json\/wp\/v2\/media\/400"}],"wp:attachment":[{"href":"http:\/\/lumelune.com\/en\/wp-json\/wp\/v2\/media?parent=399"}],"wp:term":[{"taxonomy":"product_brand","embeddable":true,"href":"http:\/\/lumelune.com\/en\/wp-json\/wp\/v2\/product_brand?post=399"},{"taxonomy":"product_cat","embeddable":true,"href":"http:\/\/lumelune.com\/en\/wp-json\/wp\/v2\/product_cat?post=399"},{"taxonomy":"product_tag","embeddable":true,"href":"http:\/\/lumelune.com\/en\/wp-json\/wp\/v2\/product_tag?post=399"}],"curies":[{"name":"wp","href":"https:\/\/api.w.org\/{rel}","templated":true}]}}