{"id":426,"date":"2026-04-05T16:56:11","date_gmt":"2026-04-05T16:56:11","guid":{"rendered":"https:\/\/lumelune.com\/?post_type=product&#038;p=426"},"modified":"2026-04-06T22:03:25","modified_gmt":"2026-04-06T22:03:25","slug":"suspension-parfumee-lavande","status":"publish","type":"product","link":"https:\/\/lumelune.com\/en\/product\/suspension-parfumee-lavande\/","title":{"rendered":"Lune Parfum\u00e9e \u2014 Lavande"},"content":{"rendered":"<p data-start=\"560\" data-end=\"647\">Offrez \u00e0 votre int\u00e9rieur une bulle de s\u00e9r\u00e9nit\u00e9 inspir\u00e9e des champs de lavande en fleur.<\/p>\n<p data-start=\"649\" data-end=\"1005\">Cette suspension parfum\u00e9e diffuse un sillage d\u00e9licat et raffin\u00e9, \u00e9labor\u00e9 \u00e0 partir d\u2019un parfum de Grasse aux notes fra\u00eeches et aromatiques. D\u00e8s l\u2019ouverture, la sauge apporte une touche v\u00e9g\u00e9tale subtile, avant de r\u00e9v\u00e9ler un c\u0153ur apaisant de lavande et de lavandin. En fond, des notes chaudes de tonka, benjoin et tolu prolongent cette sensation enveloppante.<\/p>\n<p data-start=\"1007\" data-end=\"1125\">Chaque cr\u00e9ation est coul\u00e9e \u00e0 la main avec une cire v\u00e9g\u00e9tale, puis orn\u00e9e minutieusement de brins de lavande, d\u00e9pos\u00e9s un \u00e0 un.<\/p>\n<p data-start=\"609\" data-end=\"732\">\u00c0 suspendre dans une armoire, une entr\u00e9e ou une pi\u00e8ce de vie, elle diffuse une senteur l\u00e9g\u00e8re et raffin\u00e9e au fil des jours.<\/p>\n<p data-start=\"1007\" data-end=\"1125\">Une cr\u00e9ation artisanale pens\u00e9e pour transformer vos petits espaces en v\u00e9ritables cocons parfum\u00e9s.<\/p>\n<hr data-start=\"1228\" data-end=\"1231\" \/>\n<h2 data-section-id=\"dibtuj\" data-start=\"1233\" data-end=\"1256\">Pyramide olfactive<\/h2>\n<ul data-start=\"1257\" data-end=\"1419\">\n<li data-section-id=\"1yfr4he\" data-start=\"1257\" data-end=\"1302\"><strong data-start=\"1259\" data-end=\"1280\">Famille olfactive<\/strong> : Frais, aromatique<\/li>\n<li data-section-id=\"shln0a\" data-start=\"1303\" data-end=\"1332\"><strong data-start=\"1305\" data-end=\"1322\">Notes de t\u00eate<\/strong> : Sauge<\/li>\n<li data-section-id=\"l3u3hl\" data-start=\"1333\" data-end=\"1374\"><strong data-start=\"1335\" data-end=\"1352\">Notes de c\u0153ur<\/strong> : Lavande, lavandin<\/li>\n<li data-section-id=\"f3d0at\" data-start=\"1375\" data-end=\"1419\"><strong data-start=\"1377\" data-end=\"1394\">Notes de fond<\/strong> : Tonka, benjoin, tolu<\/li>\n<\/ul>\n<hr data-start=\"1421\" data-end=\"1424\" \/>\n<h2 data-section-id=\"yd8bid\" data-start=\"1426\" data-end=\"1447\">Caract\u00e9ristiques<\/h2>\n<ul data-start=\"1448\" data-end=\"1600\">\n<li data-section-id=\"1i3l0a0\" data-start=\"1448\" data-end=\"1479\">Cire v\u00e9g\u00e9tale (soja &amp; coco)<\/li>\n<li data-section-id=\"5xz2v9\" data-start=\"1480\" data-end=\"1500\">Parfum de Grasse<\/li>\n<li data-section-id=\"19m3ynk\" data-start=\"1501\" data-end=\"1537\">Fabrication artisanale fran\u00e7aise<\/li>\n<li data-section-id=\"1kep79s\" data-start=\"1538\" data-end=\"1572\">Suspension d\u00e9corative parfum\u00e9e<\/li>\n<li data-section-id=\"1yesmpx\" data-start=\"1573\" data-end=\"1600\">Chaque pi\u00e8ce est unique<\/li>\n<\/ul>\n<hr data-start=\"1602\" data-end=\"1605\" \/>\n<h2 data-section-id=\"1emjmn7\" data-start=\"1607\" data-end=\"1624\">Utilisation<\/h2>\n<p data-start=\"1625\" data-end=\"1660\">Id\u00e9ale pour parfumer d\u00e9licatement :<\/p>\n<ul data-start=\"1661\" data-end=\"1713\">\n<li data-section-id=\"9l8613\" data-start=\"1661\" data-end=\"1672\">Armoire<\/li>\n<li data-section-id=\"cet84b\" data-start=\"1673\" data-end=\"1685\">Dressing<\/li>\n<li data-section-id=\"1iccbnt\" data-start=\"1686\" data-end=\"1696\">Entr\u00e9e<\/li>\n<li data-section-id=\"1sbhh1i\" data-start=\"1697\" data-end=\"1713\">Petite pi\u00e8ce<\/li>\n<\/ul>\n<p data-start=\"1715\" data-end=\"1779\">\ud83d\udca1 Pour une diffusion plus intense, placer dans un espace ferm\u00e9.<\/p>\n<hr data-start=\"1781\" data-end=\"1784\" \/>\n<h2 data-section-id=\"jby6df\" data-start=\"1786\" data-end=\"1807\">Astuce Lum\u00e9lune<\/h2>\n<p data-start=\"1808\" data-end=\"1916\">Lorsque le parfum s\u2019estompe, cassez la suspension et utilisez-la comme fondant parfum\u00e9 dans un br\u00fble-parfum.<\/p>\n<hr data-start=\"1918\" data-end=\"1921\" \/>\n<h2 data-section-id=\"d4cvgn\" data-start=\"1923\" data-end=\"1954\">Pr\u00e9cautions d\u2019utilisation<\/h2>\n<ul data-start=\"1955\" data-end=\"2206\">\n<li data-section-id=\"1cgy4kt\" data-start=\"1955\" data-end=\"1973\">Ne pas ing\u00e9rer<\/li>\n<li data-section-id=\"1y0fz9b\" data-start=\"1974\" data-end=\"2021\">Tenir hors de port\u00e9e des enfants et animaux<\/li>\n<li data-section-id=\"978bzt\" data-start=\"2022\" data-end=\"2064\">Peut provoquer une r\u00e9action allergique<\/li>\n<li data-section-id=\"alqwsn\" data-start=\"2065\" data-end=\"2108\">\u00c9viter le contact prolong\u00e9 avec la peau<\/li>\n<li data-section-id=\"3t3s6o\" data-start=\"2109\" data-end=\"2153\">Ne pas exposer \u00e0 la chaleur ou au soleil<\/li>\n<li data-section-id=\"1mymkp9\" data-start=\"2154\" data-end=\"2206\">Ne pas poser directement sur une surface fragile<\/li>\n<\/ul>\n<hr data-start=\"2208\" data-end=\"2211\" \/>\n<h2 data-section-id=\"4ekm7b\" data-start=\"2213\" data-end=\"2246\">Informations r\u00e9glementaires<\/h2>\n<p data-start=\"2247\" data-end=\"2351\">Contient : substances parfumantes pouvant provoquer une r\u00e9action allergique<br data-start=\"2322\" data-end=\"2325\" \/>Conforme aux normes IFRA<\/p>\n<hr data-start=\"2353\" data-end=\"2356\" \/>\n<h2 data-section-id=\"pp07fw\" data-start=\"2358\" data-end=\"2382\">L\u2019univers Lum\u00e9lune<\/h2>\n<p data-start=\"2383\" data-end=\"2414\">Plus qu\u2019un parfum, une \u00e9motion.<\/p>\n<p data-start=\"2416\" data-end=\"2515\">Chaque cr\u00e9ation Lum\u00e9lune est pens\u00e9e pour apporter douceur, r\u00e9confort et \u00e9l\u00e9gance \u00e0 votre quotidien.<\/p>","protected":false},"excerpt":{"rendered":"<p>Offrez \u00e0 votre int\u00e9rieur une bulle de s\u00e9r\u00e9nit\u00e9 inspir\u00e9e des champs de lavande en fleur.<\/p>","protected":false},"featured_media":427,"comment_status":"open","ping_status":"closed","template":"","meta":{"site-sidebar-layout":"default","site-content-layout":"","ast-site-content-layout":"default","site-content-style":"default","site-sidebar-style":"default","ast-global-header-display":"","ast-banner-title-visibility":"","ast-main-header-display":"","ast-hfb-above-header-display":"","ast-hfb-below-header-display":"","ast-hfb-mobile-header-display":"","site-post-title":"","ast-breadcrumbs-content":"","ast-featured-img":"","footer-sml-layout":"","ast-disable-related-posts":"","theme-transparent-header-meta":"default","adv-header-id-meta":"","stick-header-meta":"","header-above-stick-meta":"","header-main-stick-meta":"","header-below-stick-meta":"","astra-migrate-meta-layouts":"set","ast-page-background-enabled":"default","ast-page-background-meta":{"desktop":{"background-color":"var(--ast-global-color-5)","background-image":"","background-repeat":"repeat","background-position":"center center","background-size":"auto","background-attachment":"scroll","background-type":"","background-media":"","overlay-type":"","overlay-color":"","overlay-opacity":"","overlay-gradient":""},"tablet":{"background-color":"","background-image":"","background-repeat":"repeat","background-position":"center center","background-size":"auto","background-attachment":"scroll","background-type":"","background-media":"","overlay-type":"","overlay-color":"","overlay-opacity":"","overlay-gradient":""},"mobile":{"background-color":"","background-image":"","background-repeat":"repeat","background-position":"center center","background-size":"auto","background-attachment":"scroll","background-type":"","background-media":"","overlay-type":"","overlay-color":"","overlay-opacity":"","overlay-gradient":""}},"ast-content-background-meta":{"desktop":{"background-color":"var(--ast-global-color-4)","background-image":"","background-repeat":"repeat","background-position":"center center","background-size":"auto","background-attachment":"scroll","background-type":"","background-media":"","overlay-type":"","overlay-color":"","overlay-opacity":"","overlay-gradient":""},"tablet":{"background-color":"var(--ast-global-color-4)","background-image":"","background-repeat":"repeat","background-position":"center center","background-size":"auto","background-attachment":"scroll","background-type":"","background-media":"","overlay-type":"","overlay-color":"","overlay-opacity":"","overlay-gradient":""},"mobile":{"background-color":"var(--ast-global-color-4)","background-image":"","background-repeat":"repeat","background-position":"center center","background-size":"auto","background-attachment":"scroll","background-type":"","background-media":"","overlay-type":"","overlay-color":"","overlay-opacity":"","overlay-gradient":""}}},"product_brand":[],"product_cat":[46],"product_tag":[],"class_list":{"0":"post-426","1":"product","2":"type-product","3":"status-publish","4":"has-post-thumbnail","6":"product_cat-suspensions-parfumees","7":"desktop-align-left","8":"tablet-align-left","9":"mobile-align-left","11":"first","12":"instock","13":"shipping-taxable","14":"purchasable","15":"product-type-simple"},"yoast_head":"<!-- This site is optimized with the Yoast SEO plugin v27.1.1 - https:\/\/yoast.com\/product\/yoast-seo-wordpress\/ -->\n<title>Lune Parfum\u00e9e \u2014 Lavande -<\/title>\n<meta name=\"robots\" content=\"index, follow, max-snippet:-1, max-image-preview:large, max-video-preview:-1\" \/>\n<link rel=\"canonical\" href=\"https:\/\/lumelune.com\/en\/product\/suspension-parfumee-lavande\/\" \/>\n<meta property=\"og:locale\" content=\"en_GB\" \/>\n<meta property=\"og:type\" content=\"article\" \/>\n<meta property=\"og:title\" content=\"Lune Parfum\u00e9e \u2014 Lavande -\" \/>\n<meta property=\"og:description\" content=\"Offrez \u00e0 votre int\u00e9rieur une bulle de s\u00e9r\u00e9nit\u00e9 inspir\u00e9e des champs de lavande en fleur.\" \/>\n<meta property=\"og:url\" content=\"https:\/\/lumelune.com\/en\/product\/suspension-parfumee-lavande\/\" \/>\n<meta property=\"article:modified_time\" content=\"2026-04-06T22:03:25+00:00\" \/>\n<meta property=\"og:image\" content=\"https:\/\/lumelune.com\/wp-content\/uploads\/2026\/04\/suspension-lavande.png\" \/>\n\t<meta property=\"og:image:width\" content=\"1024\" \/>\n\t<meta property=\"og:image:height\" content=\"1536\" \/>\n\t<meta property=\"og:image:type\" content=\"image\/png\" \/>\n<meta name=\"twitter:card\" content=\"summary_large_image\" \/>\n<meta name=\"twitter:label1\" content=\"Estimated reading time\" \/>\n\t<meta name=\"twitter:data1\" content=\"2 minutes\" \/>\n<script type=\"application\/ld+json\" class=\"yoast-schema-graph\">{\"@context\":\"https:\/\/schema.org\",\"@graph\":[{\"@type\":\"WebPage\",\"@id\":\"https:\/\/lumelune.com\/produit\/suspension-parfumee-lavande\/\",\"url\":\"https:\/\/lumelune.com\/produit\/suspension-parfumee-lavande\/\",\"name\":\"Lune Parfum\u00e9e \u2014 Lavande -\",\"isPartOf\":{\"@id\":\"https:\/\/lumelune.com\/#website\"},\"primaryImageOfPage\":{\"@id\":\"https:\/\/lumelune.com\/produit\/suspension-parfumee-lavande\/#primaryimage\"},\"image\":{\"@id\":\"https:\/\/lumelune.com\/produit\/suspension-parfumee-lavande\/#primaryimage\"},\"thumbnailUrl\":\"https:\/\/lumelune.com\/wp-content\/uploads\/2026\/04\/suspension-lavande.png\",\"datePublished\":\"2026-04-05T16:56:11+00:00\",\"dateModified\":\"2026-04-06T22:03:25+00:00\",\"breadcrumb\":{\"@id\":\"https:\/\/lumelune.com\/produit\/suspension-parfumee-lavande\/#breadcrumb\"},\"inLanguage\":\"en-GB\",\"potentialAction\":[{\"@type\":\"ReadAction\",\"target\":[\"https:\/\/lumelune.com\/produit\/suspension-parfumee-lavande\/\"]}]},{\"@type\":\"ImageObject\",\"inLanguage\":\"en-GB\",\"@id\":\"https:\/\/lumelune.com\/produit\/suspension-parfumee-lavande\/#primaryimage\",\"url\":\"https:\/\/lumelune.com\/wp-content\/uploads\/2026\/04\/suspension-lavande.png\",\"contentUrl\":\"https:\/\/lumelune.com\/wp-content\/uploads\/2026\/04\/suspension-lavande.png\",\"width\":1024,\"height\":1536},{\"@type\":\"BreadcrumbList\",\"@id\":\"https:\/\/lumelune.com\/produit\/suspension-parfumee-lavande\/#breadcrumb\",\"itemListElement\":[{\"@type\":\"ListItem\",\"position\":1,\"name\":\"Accueil\",\"item\":\"https:\/\/lumelune.com\/\"},{\"@type\":\"ListItem\",\"position\":2,\"name\":\"Produits\",\"item\":\"https:\/\/lumelune.com\/boutique\/\"},{\"@type\":\"ListItem\",\"position\":3,\"name\":\"Lune Parfum\u00e9e \u2014 Lavande\"}]},{\"@type\":\"WebSite\",\"@id\":\"https:\/\/lumelune.com\/#website\",\"url\":\"https:\/\/lumelune.com\/\",\"name\":\"\",\"description\":\"Bougies naturelles aux huiles essentielles\",\"potentialAction\":[{\"@type\":\"SearchAction\",\"target\":{\"@type\":\"EntryPoint\",\"urlTemplate\":\"https:\/\/lumelune.com\/?s={search_term_string}\"},\"query-input\":{\"@type\":\"PropertyValueSpecification\",\"valueRequired\":true,\"valueName\":\"search_term_string\"}}],\"inLanguage\":\"en-GB\"}]}<\/script>\n<!-- \/ Yoast SEO plugin. -->","yoast_head_json":{"title":"Lune Parfum\u00e9e \u2014 Lavande -","robots":{"index":"index","follow":"follow","max-snippet":"max-snippet:-1","max-image-preview":"max-image-preview:large","max-video-preview":"max-video-preview:-1"},"canonical":"https:\/\/lumelune.com\/en\/product\/suspension-parfumee-lavande\/","og_locale":"en_GB","og_type":"article","og_title":"Lune Parfum\u00e9e \u2014 Lavande -","og_description":"Offrez \u00e0 votre int\u00e9rieur une bulle de s\u00e9r\u00e9nit\u00e9 inspir\u00e9e des champs de lavande en fleur.","og_url":"https:\/\/lumelune.com\/en\/product\/suspension-parfumee-lavande\/","article_modified_time":"2026-04-06T22:03:25+00:00","og_image":[{"width":1024,"height":1536,"url":"https:\/\/lumelune.com\/wp-content\/uploads\/2026\/04\/suspension-lavande.png","type":"image\/png"}],"twitter_card":"summary_large_image","twitter_misc":{"Estimated reading time":"2 minutes"},"schema":{"@context":"https:\/\/schema.org","@graph":[{"@type":"WebPage","@id":"https:\/\/lumelune.com\/produit\/suspension-parfumee-lavande\/","url":"https:\/\/lumelune.com\/produit\/suspension-parfumee-lavande\/","name":"Lune Parfum\u00e9e \u2014 Lavande -","isPartOf":{"@id":"https:\/\/lumelune.com\/#website"},"primaryImageOfPage":{"@id":"https:\/\/lumelune.com\/produit\/suspension-parfumee-lavande\/#primaryimage"},"image":{"@id":"https:\/\/lumelune.com\/produit\/suspension-parfumee-lavande\/#primaryimage"},"thumbnailUrl":"https:\/\/lumelune.com\/wp-content\/uploads\/2026\/04\/suspension-lavande.png","datePublished":"2026-04-05T16:56:11+00:00","dateModified":"2026-04-06T22:03:25+00:00","breadcrumb":{"@id":"https:\/\/lumelune.com\/produit\/suspension-parfumee-lavande\/#breadcrumb"},"inLanguage":"en-GB","potentialAction":[{"@type":"ReadAction","target":["https:\/\/lumelune.com\/produit\/suspension-parfumee-lavande\/"]}]},{"@type":"ImageObject","inLanguage":"en-GB","@id":"https:\/\/lumelune.com\/produit\/suspension-parfumee-lavande\/#primaryimage","url":"https:\/\/lumelune.com\/wp-content\/uploads\/2026\/04\/suspension-lavande.png","contentUrl":"https:\/\/lumelune.com\/wp-content\/uploads\/2026\/04\/suspension-lavande.png","width":1024,"height":1536},{"@type":"BreadcrumbList","@id":"https:\/\/lumelune.com\/produit\/suspension-parfumee-lavande\/#breadcrumb","itemListElement":[{"@type":"ListItem","position":1,"name":"Accueil","item":"https:\/\/lumelune.com\/"},{"@type":"ListItem","position":2,"name":"Produits","item":"https:\/\/lumelune.com\/boutique\/"},{"@type":"ListItem","position":3,"name":"Lune Parfum\u00e9e \u2014 Lavande"}]},{"@type":"WebSite","@id":"https:\/\/lumelune.com\/#website","url":"https:\/\/lumelune.com\/","name":"","description":"Bougies naturelles aux huiles essentielles","potentialAction":[{"@type":"SearchAction","target":{"@type":"EntryPoint","urlTemplate":"https:\/\/lumelune.com\/?s={search_term_string}"},"query-input":{"@type":"PropertyValueSpecification","valueRequired":true,"valueName":"search_term_string"}}],"inLanguage":"en-GB"}]}},"_links":{"self":[{"href":"https:\/\/lumelune.com\/en\/wp-json\/wp\/v2\/product\/426","targetHints":{"allow":["GET"]}}],"collection":[{"href":"https:\/\/lumelune.com\/en\/wp-json\/wp\/v2\/product"}],"about":[{"href":"https:\/\/lumelune.com\/en\/wp-json\/wp\/v2\/types\/product"}],"replies":[{"embeddable":true,"href":"https:\/\/lumelune.com\/en\/wp-json\/wp\/v2\/comments?post=426"}],"wp:featuredmedia":[{"embeddable":true,"href":"https:\/\/lumelune.com\/en\/wp-json\/wp\/v2\/media\/427"}],"wp:attachment":[{"href":"https:\/\/lumelune.com\/en\/wp-json\/wp\/v2\/media?parent=426"}],"wp:term":[{"taxonomy":"product_brand","embeddable":true,"href":"https:\/\/lumelune.com\/en\/wp-json\/wp\/v2\/product_brand?post=426"},{"taxonomy":"product_cat","embeddable":true,"href":"https:\/\/lumelune.com\/en\/wp-json\/wp\/v2\/product_cat?post=426"},{"taxonomy":"product_tag","embeddable":true,"href":"https:\/\/lumelune.com\/en\/wp-json\/wp\/v2\/product_tag?post=426"}],"curies":[{"name":"wp","href":"https:\/\/api.w.org\/{rel}","templated":true}]}}