{"id":523,"date":"2026-04-10T11:03:06","date_gmt":"2026-04-10T11:03:06","guid":{"rendered":"https:\/\/lumelune.com\/?post_type=product&#038;p=523"},"modified":"2026-04-10T11:03:06","modified_gmt":"2026-04-10T11:03:06","slug":"lune-radieuse-bougie-parfumee-au-magnolia","status":"publish","type":"product","link":"https:\/\/lumelune.com\/en\/product\/lune-radieuse-bougie-parfumee-au-magnolia\/","title":{"rendered":"Lune Radieuse \u2013 Bougie parfum\u00e9e au Magnolia"},"content":{"rendered":"<p>Une bougie florale, lumineuse et raffin\u00e9e, pens\u00e9e pour parfumer d\u00e9licatement votre int\u00e9rieur.<\/p>\n<h5 data-section-id=\"icip64\" data-start=\"887\" data-end=\"907\">Notes parfum\u00e9es<\/h5>\n<p>T\u00eate : citron, orange<br data-start=\"934\" data-end=\"937\" \/>C\u0153ur : magnolia<br data-start=\"956\" data-end=\"959\" \/>Fond : musc, fleur d\u2019oranger<\/p>\n<p data-start=\"273\" data-end=\"559\">D\u00e8s les premi\u00e8res notes, le citron et l\u2019orange apportent une fra\u00eecheur \u00e9clatante et solaire. Le magnolia s\u2019\u00e9panouit ensuite au c\u0153ur de la fragrance avec douceur et \u00e9l\u00e9gance. En fond, le musc et la fleur d\u2019oranger prolongent la composition dans un sillage tendre, subtil et r\u00e9confortant.<\/p>\n<p data-start=\"561\" data-end=\"880\"><strong data-start=\"561\" data-end=\"578\">Lune Radieuse<\/strong> incarne une f\u00e9minit\u00e9 d\u00e9licate et lumineuse.<br data-start=\"622\" data-end=\"625\" \/>Son parfum \u00e9voque la fra\u00eecheur d\u2019un jardin en fleurs baign\u00e9 de lumi\u00e8re, entre \u00e9l\u00e9gance florale et douceur enveloppante. Une cr\u00e9ation pens\u00e9e comme un v\u00e9ritable objet de parfum et de d\u00e9coration, capable de transformer l\u2019atmosph\u00e8re d\u2019une pi\u00e8ce en un instant.<\/p>\n<p data-start=\"561\" data-end=\"880\">\n<h6 data-section-id=\"1swn99m\" data-start=\"998\" data-end=\"1023\">L\u2019essence Lum\u00e9lune<\/h6>\n<ul data-start=\"1025\" data-end=\"1161\">\n<li data-section-id=\"gxtuix\" data-start=\"1025\" data-end=\"1054\">Cire v\u00e9g\u00e9tale soja &amp; coco<\/li>\n<li data-section-id=\"5xz2v9\" data-start=\"1055\" data-end=\"1075\">Parfum de Grasse<\/li>\n<li data-section-id=\"12n3804\" data-start=\"1076\" data-end=\"1112\">Fabrication artisanale en France<\/li>\n<li data-section-id=\"1t2f2q6\" data-start=\"1113\" data-end=\"1161\">Coul\u00e9e \u00e0 la main dans une tasse r\u00e9utilisable<\/li>\n<\/ul>\n<hr data-start=\"1163\" data-end=\"1166\" \/>\n<h6 data-section-id=\"1czla53\" data-start=\"1168\" data-end=\"1183\">\u00a0Signature<\/h6>\n<p data-start=\"1185\" data-end=\"1292\">Un parfum, une ambiance, une \u00e9motion\u2026<br data-start=\"1222\" data-end=\"1225\" \/><strong data-start=\"1225\" data-end=\"1292\">Lune Radieuse fait \u00e9clore une atmosph\u00e8re lumineuse et raffin\u00e9e.<\/strong><\/p>\n<hr data-start=\"1294\" data-end=\"1297\" \/>\n<h6 data-section-id=\"wnurfd\" data-start=\"1299\" data-end=\"1324\">Conseils d\u2019utilisation<\/h6>\n<ul data-start=\"1326\" data-end=\"1671\">\n<li data-section-id=\"1edyff1\" data-start=\"1326\" data-end=\"1430\">Lors de la premi\u00e8re utilisation, laissez br\u00fbler la bougie jusqu\u2019\u00e0 ce que toute la surface soit fondue.<\/li>\n<li data-section-id=\"d8psw\" data-start=\"1431\" data-end=\"1489\">Coupez la m\u00e8che avant chaque utilisation \u00e0 environ 5 mm.<\/li>\n<li data-section-id=\"xrnk9b\" data-start=\"1490\" data-end=\"1555\">Ne laissez pas br\u00fbler la bougie plus de 3 \u00e0 4 heures d\u2019affil\u00e9e.<\/li>\n<li data-section-id=\"jokmrv\" data-start=\"1556\" data-end=\"1608\">Recentrez la m\u00e8che si n\u00e9cessaire apr\u00e8s extinction.<\/li>\n<li data-section-id=\"1htahbr\" data-start=\"1609\" data-end=\"1671\">Laissez la cire se resolidifier avant de d\u00e9placer la bougie.<\/li>\n<\/ul>\n<hr data-start=\"1673\" data-end=\"1676\" \/>\n<h6 data-section-id=\"1cv8mux\" data-start=\"1678\" data-end=\"1701\">Pr\u00e9cautions d\u2019emploi<\/h6>\n<ul data-start=\"1703\" data-end=\"2112\">\n<li data-section-id=\"12uph6b\" data-start=\"1703\" data-end=\"1760\">Ne jamais laisser une bougie allum\u00e9e sans surveillance.<\/li>\n<li data-section-id=\"4w243n\" data-start=\"1761\" data-end=\"1811\">Tenir hors de port\u00e9e des enfants et des animaux.<\/li>\n<li data-section-id=\"rl9kc5\" data-start=\"1812\" data-end=\"1877\">Poser sur une surface plane, stable et r\u00e9sistante \u00e0 la chaleur.<\/li>\n<li data-section-id=\"1lvpfxq\" data-start=\"1878\" data-end=\"1928\">Ne pas placer \u00e0 proximit\u00e9 d\u2019objets inflammables.<\/li>\n<li data-section-id=\"smunn9\" data-start=\"1929\" data-end=\"1994\">Ne pas d\u00e9placer lorsque la bougie est allum\u00e9e ou encore chaude.<\/li>\n<li data-section-id=\"1su0jgq\" data-start=\"1995\" data-end=\"2030\">A\u00e9rer la pi\u00e8ce apr\u00e8s utilisation.<\/li>\n<li data-section-id=\"14rg5ca\" data-start=\"2031\" data-end=\"2112\">Cesser l\u2019utilisation lorsqu\u2019il reste environ 1 cm de cire au fond du contenant.<\/li>\n<\/ul>","protected":false},"excerpt":{"rendered":"<p>Une bougie florale et lumineuse au magnolia, sublim\u00e9e par des notes d\u2019agrumes, de musc et de fleur d\u2019oranger.<\/p>","protected":false},"featured_media":524,"comment_status":"open","ping_status":"closed","template":"","meta":{"site-sidebar-layout":"default","site-content-layout":"","ast-site-content-layout":"default","site-content-style":"default","site-sidebar-style":"default","ast-global-header-display":"","ast-banner-title-visibility":"","ast-main-header-display":"","ast-hfb-above-header-display":"","ast-hfb-below-header-display":"","ast-hfb-mobile-header-display":"","site-post-title":"","ast-breadcrumbs-content":"","ast-featured-img":"","footer-sml-layout":"","ast-disable-related-posts":"","theme-transparent-header-meta":"default","adv-header-id-meta":"","stick-header-meta":"","header-above-stick-meta":"","header-main-stick-meta":"","header-below-stick-meta":"","astra-migrate-meta-layouts":"set","ast-page-background-enabled":"default","ast-page-background-meta":{"desktop":{"background-color":"var(--ast-global-color-5)","background-image":"","background-repeat":"repeat","background-position":"center center","background-size":"auto","background-attachment":"scroll","background-type":"","background-media":"","overlay-type":"","overlay-color":"","overlay-opacity":"","overlay-gradient":""},"tablet":{"background-color":"","background-image":"","background-repeat":"repeat","background-position":"center center","background-size":"auto","background-attachment":"scroll","background-type":"","background-media":"","overlay-type":"","overlay-color":"","overlay-opacity":"","overlay-gradient":""},"mobile":{"background-color":"","background-image":"","background-repeat":"repeat","background-position":"center center","background-size":"auto","background-attachment":"scroll","background-type":"","background-media":"","overlay-type":"","overlay-color":"","overlay-opacity":"","overlay-gradient":""}},"ast-content-background-meta":{"desktop":{"background-color":"var(--ast-global-color-4)","background-image":"","background-repeat":"repeat","background-position":"center center","background-size":"auto","background-attachment":"scroll","background-type":"","background-media":"","overlay-type":"","overlay-color":"","overlay-opacity":"","overlay-gradient":""},"tablet":{"background-color":"var(--ast-global-color-4)","background-image":"","background-repeat":"repeat","background-position":"center center","background-size":"auto","background-attachment":"scroll","background-type":"","background-media":"","overlay-type":"","overlay-color":"","overlay-opacity":"","overlay-gradient":""},"mobile":{"background-color":"var(--ast-global-color-4)","background-image":"","background-repeat":"repeat","background-position":"center center","background-size":"auto","background-attachment":"scroll","background-type":"","background-media":"","overlay-type":"","overlay-color":"","overlay-opacity":"","overlay-gradient":""}}},"product_brand":[],"product_cat":[49],"product_tag":[],"class_list":{"0":"post-523","1":"product","2":"type-product","3":"status-publish","4":"has-post-thumbnail","6":"product_cat-bougies-parfums-grasse","7":"desktop-align-left","8":"tablet-align-left","9":"mobile-align-left","11":"first","12":"instock","13":"shipping-taxable","14":"purchasable","15":"product-type-simple"},"yoast_head":"<!-- This site is optimized with the Yoast SEO plugin v27.1.1 - https:\/\/yoast.com\/product\/yoast-seo-wordpress\/ -->\n<title>Lune Radieuse \u2013 Bougie parfum\u00e9e au Magnolia -<\/title>\n<meta name=\"robots\" content=\"index, follow, max-snippet:-1, max-image-preview:large, max-video-preview:-1\" \/>\n<link rel=\"canonical\" href=\"https:\/\/lumelune.com\/en\/product\/lune-radieuse-bougie-parfumee-au-magnolia\/\" \/>\n<meta property=\"og:locale\" content=\"en_GB\" \/>\n<meta property=\"og:type\" content=\"article\" \/>\n<meta property=\"og:title\" content=\"Lune Radieuse \u2013 Bougie parfum\u00e9e au Magnolia -\" \/>\n<meta property=\"og:description\" content=\"Une bougie florale et lumineuse au magnolia, sublim\u00e9e par des notes d\u2019agrumes, de musc et de fleur d\u2019oranger.\" \/>\n<meta property=\"og:url\" content=\"https:\/\/lumelune.com\/en\/product\/lune-radieuse-bougie-parfumee-au-magnolia\/\" \/>\n<meta property=\"og:image\" content=\"https:\/\/lumelune.com\/wp-content\/uploads\/2026\/04\/ChatGPT-Image-10-avr.-2026-13_01_05-683x1024.png\" \/>\n\t<meta property=\"og:image:width\" content=\"683\" \/>\n\t<meta property=\"og:image:height\" content=\"1024\" \/>\n\t<meta property=\"og:image:type\" content=\"image\/png\" \/>\n<meta name=\"twitter:card\" content=\"summary_large_image\" \/>\n<meta name=\"twitter:label1\" content=\"Estimated reading time\" \/>\n\t<meta name=\"twitter:data1\" content=\"2 minutes\" \/>\n<script type=\"application\/ld+json\" class=\"yoast-schema-graph\">{\"@context\":\"https:\/\/schema.org\",\"@graph\":[{\"@type\":\"WebPage\",\"@id\":\"https:\/\/lumelune.com\/produit\/lune-radieuse-bougie-parfumee-au-magnolia\/\",\"url\":\"https:\/\/lumelune.com\/produit\/lune-radieuse-bougie-parfumee-au-magnolia\/\",\"name\":\"Lune Radieuse \u2013 Bougie parfum\u00e9e au Magnolia -\",\"isPartOf\":{\"@id\":\"https:\/\/lumelune.com\/#website\"},\"primaryImageOfPage\":{\"@id\":\"https:\/\/lumelune.com\/produit\/lune-radieuse-bougie-parfumee-au-magnolia\/#primaryimage\"},\"image\":{\"@id\":\"https:\/\/lumelune.com\/produit\/lune-radieuse-bougie-parfumee-au-magnolia\/#primaryimage\"},\"thumbnailUrl\":\"https:\/\/lumelune.com\/wp-content\/uploads\/2026\/04\/ChatGPT-Image-10-avr.-2026-13_01_05.png\",\"datePublished\":\"2026-04-10T11:03:06+00:00\",\"breadcrumb\":{\"@id\":\"https:\/\/lumelune.com\/produit\/lune-radieuse-bougie-parfumee-au-magnolia\/#breadcrumb\"},\"inLanguage\":\"en-GB\",\"potentialAction\":[{\"@type\":\"ReadAction\",\"target\":[\"https:\/\/lumelune.com\/produit\/lune-radieuse-bougie-parfumee-au-magnolia\/\"]}]},{\"@type\":\"ImageObject\",\"inLanguage\":\"en-GB\",\"@id\":\"https:\/\/lumelune.com\/produit\/lune-radieuse-bougie-parfumee-au-magnolia\/#primaryimage\",\"url\":\"https:\/\/lumelune.com\/wp-content\/uploads\/2026\/04\/ChatGPT-Image-10-avr.-2026-13_01_05.png\",\"contentUrl\":\"https:\/\/lumelune.com\/wp-content\/uploads\/2026\/04\/ChatGPT-Image-10-avr.-2026-13_01_05.png\",\"width\":1024,\"height\":1536},{\"@type\":\"BreadcrumbList\",\"@id\":\"https:\/\/lumelune.com\/produit\/lune-radieuse-bougie-parfumee-au-magnolia\/#breadcrumb\",\"itemListElement\":[{\"@type\":\"ListItem\",\"position\":1,\"name\":\"Accueil\",\"item\":\"https:\/\/lumelune.com\/\"},{\"@type\":\"ListItem\",\"position\":2,\"name\":\"Produits\",\"item\":\"https:\/\/lumelune.com\/boutique\/\"},{\"@type\":\"ListItem\",\"position\":3,\"name\":\"Lune Radieuse \u2013 Bougie parfum\u00e9e au Magnolia\"}]},{\"@type\":\"WebSite\",\"@id\":\"https:\/\/lumelune.com\/#website\",\"url\":\"https:\/\/lumelune.com\/\",\"name\":\"\",\"description\":\"Bougies naturelles aux huiles essentielles\",\"potentialAction\":[{\"@type\":\"SearchAction\",\"target\":{\"@type\":\"EntryPoint\",\"urlTemplate\":\"https:\/\/lumelune.com\/?s={search_term_string}\"},\"query-input\":{\"@type\":\"PropertyValueSpecification\",\"valueRequired\":true,\"valueName\":\"search_term_string\"}}],\"inLanguage\":\"en-GB\"}]}<\/script>\n<!-- \/ Yoast SEO plugin. -->","yoast_head_json":{"title":"Lune Radieuse \u2013 Bougie parfum\u00e9e au Magnolia -","robots":{"index":"index","follow":"follow","max-snippet":"max-snippet:-1","max-image-preview":"max-image-preview:large","max-video-preview":"max-video-preview:-1"},"canonical":"https:\/\/lumelune.com\/en\/product\/lune-radieuse-bougie-parfumee-au-magnolia\/","og_locale":"en_GB","og_type":"article","og_title":"Lune Radieuse \u2013 Bougie parfum\u00e9e au Magnolia -","og_description":"Une bougie florale et lumineuse au magnolia, sublim\u00e9e par des notes d\u2019agrumes, de musc et de fleur d\u2019oranger.","og_url":"https:\/\/lumelune.com\/en\/product\/lune-radieuse-bougie-parfumee-au-magnolia\/","og_image":[{"width":683,"height":1024,"url":"https:\/\/lumelune.com\/wp-content\/uploads\/2026\/04\/ChatGPT-Image-10-avr.-2026-13_01_05-683x1024.png","type":"image\/png"}],"twitter_card":"summary_large_image","twitter_misc":{"Estimated reading time":"2 minutes"},"schema":{"@context":"https:\/\/schema.org","@graph":[{"@type":"WebPage","@id":"https:\/\/lumelune.com\/produit\/lune-radieuse-bougie-parfumee-au-magnolia\/","url":"https:\/\/lumelune.com\/produit\/lune-radieuse-bougie-parfumee-au-magnolia\/","name":"Lune Radieuse \u2013 Bougie parfum\u00e9e au Magnolia -","isPartOf":{"@id":"https:\/\/lumelune.com\/#website"},"primaryImageOfPage":{"@id":"https:\/\/lumelune.com\/produit\/lune-radieuse-bougie-parfumee-au-magnolia\/#primaryimage"},"image":{"@id":"https:\/\/lumelune.com\/produit\/lune-radieuse-bougie-parfumee-au-magnolia\/#primaryimage"},"thumbnailUrl":"https:\/\/lumelune.com\/wp-content\/uploads\/2026\/04\/ChatGPT-Image-10-avr.-2026-13_01_05.png","datePublished":"2026-04-10T11:03:06+00:00","breadcrumb":{"@id":"https:\/\/lumelune.com\/produit\/lune-radieuse-bougie-parfumee-au-magnolia\/#breadcrumb"},"inLanguage":"en-GB","potentialAction":[{"@type":"ReadAction","target":["https:\/\/lumelune.com\/produit\/lune-radieuse-bougie-parfumee-au-magnolia\/"]}]},{"@type":"ImageObject","inLanguage":"en-GB","@id":"https:\/\/lumelune.com\/produit\/lune-radieuse-bougie-parfumee-au-magnolia\/#primaryimage","url":"https:\/\/lumelune.com\/wp-content\/uploads\/2026\/04\/ChatGPT-Image-10-avr.-2026-13_01_05.png","contentUrl":"https:\/\/lumelune.com\/wp-content\/uploads\/2026\/04\/ChatGPT-Image-10-avr.-2026-13_01_05.png","width":1024,"height":1536},{"@type":"BreadcrumbList","@id":"https:\/\/lumelune.com\/produit\/lune-radieuse-bougie-parfumee-au-magnolia\/#breadcrumb","itemListElement":[{"@type":"ListItem","position":1,"name":"Accueil","item":"https:\/\/lumelune.com\/"},{"@type":"ListItem","position":2,"name":"Produits","item":"https:\/\/lumelune.com\/boutique\/"},{"@type":"ListItem","position":3,"name":"Lune Radieuse \u2013 Bougie parfum\u00e9e au Magnolia"}]},{"@type":"WebSite","@id":"https:\/\/lumelune.com\/#website","url":"https:\/\/lumelune.com\/","name":"","description":"Bougies naturelles aux huiles essentielles","potentialAction":[{"@type":"SearchAction","target":{"@type":"EntryPoint","urlTemplate":"https:\/\/lumelune.com\/?s={search_term_string}"},"query-input":{"@type":"PropertyValueSpecification","valueRequired":true,"valueName":"search_term_string"}}],"inLanguage":"en-GB"}]}},"_links":{"self":[{"href":"https:\/\/lumelune.com\/en\/wp-json\/wp\/v2\/product\/523","targetHints":{"allow":["GET"]}}],"collection":[{"href":"https:\/\/lumelune.com\/en\/wp-json\/wp\/v2\/product"}],"about":[{"href":"https:\/\/lumelune.com\/en\/wp-json\/wp\/v2\/types\/product"}],"replies":[{"embeddable":true,"href":"https:\/\/lumelune.com\/en\/wp-json\/wp\/v2\/comments?post=523"}],"wp:featuredmedia":[{"embeddable":true,"href":"https:\/\/lumelune.com\/en\/wp-json\/wp\/v2\/media\/524"}],"wp:attachment":[{"href":"https:\/\/lumelune.com\/en\/wp-json\/wp\/v2\/media?parent=523"}],"wp:term":[{"taxonomy":"product_brand","embeddable":true,"href":"https:\/\/lumelune.com\/en\/wp-json\/wp\/v2\/product_brand?post=523"},{"taxonomy":"product_cat","embeddable":true,"href":"https:\/\/lumelune.com\/en\/wp-json\/wp\/v2\/product_cat?post=523"},{"taxonomy":"product_tag","embeddable":true,"href":"https:\/\/lumelune.com\/en\/wp-json\/wp\/v2\/product_tag?post=523"}],"curies":[{"name":"wp","href":"https:\/\/api.w.org\/{rel}","templated":true}]}}